{"id":539,"date":"2021-07-29T06:41:42","date_gmt":"2021-07-29T04:41:42","guid":{"rendered":"https:\/\/como-domo.com\/?page_id=539"},"modified":"2024-02-23T12:01:46","modified_gmt":"2024-02-23T11:01:46","slug":"terms-of-use","status":"publish","type":"page","link":"https:\/\/como-domo.com\/fr\/conditions-dutilisation\/","title":{"rendered":"Conditions d'utilisation"},"content":{"rendered":"<div id=\"fws_69e1e4c18e67e\"  data-column-margin=\"default\" data-midnight=\"dark\" data-top-percent=\"3%\" data-bottom-percent=\"3%\"  class=\"wpb_row vc_row-fluid vc_row\"  style=\"padding-top: calc(100vw * 0.03); padding-bottom: calc(100vw * 0.03); \"><div class=\"row-bg-wrap\" data-bg-animation=\"none\" data-bg-animation-delay=\"\" data-bg-overlay=\"false\"><div class=\"inner-wrap row-bg-layer\" ><div class=\"row-bg viewport-desktop\"  style=\"\"><\/div><\/div><\/div><div class=\"row_col_wrap_12 col span_12 dark left\">\n\t<div  class=\"vc_col-sm-12 wpb_column column_container vc_column_container col no-extra-padding inherit_tablet inherit_phone\"  data-padding-pos=\"all\" data-has-bg-color=\"false\" data-bg-color=\"\" data-bg-opacity=\"1\" data-animation=\"\" data-delay=\"0\" >\n\t\t<div class=\"vc_column-inner\" >\n\t\t\t<div class=\"wpb_wrapper\">\n\t\t\t\t\n<div class=\"wpb_text_column wpb_content_element\" >\n\t<div class=\"wpb_wrapper\">\n\t\t<h1>Conditions d'utilisation<\/h1>\n\t<\/div>\n<\/div>\n\n\n\n\n\t\t\t<\/div> \n\t\t<\/div>\n\t<\/div> \n<\/div><\/div>\n\t\t<div id=\"artistas\"  data-column-margin=\"default\" data-midnight=\"dark\"  class=\"wpb_row vc_row-fluid vc_row\"  style=\"padding-top: 0px; padding-bottom: 0px; \"><div class=\"row-bg-wrap\" data-bg-animation=\"none\" data-bg-animation-delay=\"\" data-bg-overlay=\"false\"><div class=\"inner-wrap row-bg-layer\" ><div class=\"row-bg viewport-desktop\"  style=\"\"><\/div><\/div><\/div><div class=\"row_col_wrap_12 col span_12 dark left\">\n\t<div  class=\"vc_col-sm-12 wpb_column column_container vc_column_container col no-extra-padding inherit_tablet inherit_phone\"  data-padding-pos=\"all\" data-has-bg-color=\"false\" data-bg-color=\"\" data-bg-opacity=\"1\" data-animation=\"\" data-delay=\"0\" >\n\t\t<div class=\"vc_column-inner\" >\n\t\t\t<div class=\"wpb_wrapper\">\n\t\t\t\t\n<div class=\"wpb_text_column wpb_content_element\" >\n\t<div class=\"wpb_wrapper\">\n\t\t<p>AVIS JURIDIQUE<\/p>\n<p><em>Conform\u00e9ment \u00e0 la loi <\/em><em>34\/2002, du 11 juillet<\/em><em>, <\/em><em>Services Soci\u00e9t\u00e9 de l'information et commerce \u00e9lectronique <\/em><em>\u00a0(Ley de Servicios de la Sociedad de la Informaci\u00f3n y de Comercio Electr\u00f3nico -LSSI)<\/em><em>,<\/em><em>\u00a0 nous informons :<\/em><\/p>\n<ol>\n<li><\/li>\n<\/ol>\n<ul>\n<li>--<strong>Pour les entreprises, les AAPP, les organismes, etc :<\/strong> ---<\/li>\n<\/ul>\n<p>Le prestataire de services du site web est TODOCOMODOMO, S.L., dont le si\u00e8ge social est situ\u00e9 Calle Ferraz, 48 28008 Madrid (province de Madrid) et dont le num\u00e9ro d'identification fiscale est le suivant <strong>B56837479<\/strong>\u00a0 La soci\u00e9t\u00e9 est inscrite au registre des soci\u00e9t\u00e9s.<\/p>\n<p>Aux fins du pr\u00e9sent document, l'adresse \u00e9lectronique de contact est todocomodomo@gmail.com.<\/p>\n<p><strong>Le pr\u00e9sent avis juridique r\u00e9git l'utilisation du domaine.<br \/>\n<\/strong>L'utilisation de ce site web signifie que vous acceptez les conditions incluses dans le pr\u00e9sent avis. Dans le cas o\u00f9 certains services, contenus et\/ou outils propos\u00e9s via ce site web n\u00e9cessiteraient l'application de conditions particuli\u00e8res, celles-ci seront mises \u00e0 la disposition de l'utilisateur.<\/p>\n<p>En outre, TODOCOMODOMO, S.L. pr\u00e9vient que les contenus et les services de ce site web ainsi que les conditions d'utilisation peuvent \u00eatre modifi\u00e9s sans pr\u00e9avis.<\/p>\n<ol start=\"2\">\n<li><strong>Conditions d'utilisation<\/strong><strong>.<\/strong><\/li>\n<\/ol>\n<p>L'utilisateur s'engage \u00e0 fournir des informations v\u00e9ridiques, exactes et compl\u00e8tes sur son identit\u00e9.<\/p>\n<p>En outre, l'utilisateur s'engage \u00e0 tenir \u00e0 jour les donn\u00e9es personnelles qu'il pourrait fournir au d\u00e9tenteur du domaine ; par cons\u00e9quent, la personne concern\u00e9e est seule responsable de la fausset\u00e9 ou de l'inexactitude de ces donn\u00e9es.<\/p>\n<p>Dans le cas des mineurs, ils doivent avoir l'autorisation de leurs parents, responsables de la garde d'un mineur ou repr\u00e9sentants l\u00e9gaux pour acc\u00e9der aux services fournis. TODOCOMODOMO, S.L. n'est pas responsable en cas de donn\u00e9es inexactes ou fausses concernant ce sujet.<\/p>\n<ul>\n<li>Le site Web ne peut \u00eatre utilis\u00e9 qu'\u00e0 des fins licites ; l'utilisateur s'engage donc \u00e0 faire un usage licite et loyal des pr\u00e9sentes conditions d'utilisation et \u00e0 ne pas utiliser les services du site Web pour des comportements contraires \u00e0 la l\u00e9gislation espagnole, \u00e0 la moralit\u00e9 et \u00e0 l'ordre public. L'utilisateur assume toutes les responsabilit\u00e9s pour les dommages caus\u00e9s au titulaire de ce site Web ou \u00e0 des tiers qui pourraient d\u00e9couler de pratiques ill\u00e9gales ou d'activit\u00e9s inadmissibles telles que les suivantes :<\/li>\n<\/ul>\n<p>&nbsp;<\/p>\n<ul>\n<li>Pour effectuer sans autorisation pr\u00e9alable toute manipulation ou modification de cette page, le titulaire du site Web n'assume aucune responsabilit\u00e9 d\u00e9coulant de cette manipulation ou modification par des tiers.<\/li>\n<li>Prendre toute mesure susceptible d'endommager, de d\u00e9sactiver, de surcharger ou d'alt\u00e9rer le site web et ses services, ainsi que d'entraver l'utilisation normale du site web et de ses services par les utilisateurs.<\/li>\n<li>d'introduire et\/ou d'utiliser des logiciels informatiques, des donn\u00e9es, des fichiers corrompus, des virus, des codes malveillants, des \u00e9quipements informatiques ou de t\u00e9l\u00e9communication ou tout autre \u00e9l\u00e9ment, quelle qu'en soit la nature, susceptible d'endommager le pr\u00e9sent document.<\/li>\n<li>violer les droits \u00e0 la vie priv\u00e9e, \u00e0 l'image de soi, \u00e0 la confidentialit\u00e9 des communications, \u00e0 la propri\u00e9t\u00e9 intellectuelle et industrielle de tiers.<\/li>\n<li>Pour cacher et d\u00e9guiser l'origine des<\/li>\n<li>D'utiliser de fausses identit\u00e9s, de supplanter l'identit\u00e9 d'autrui dans l'utilisation de ce site Web ou dans l'utilisation de l'un de ses services.<\/li>\n<li>Jouer, distribuer, modifier ou copier le contenu de cette page, \u00e0 moins d'avoir l'autorisation du propri\u00e9taire de ce site web ou d'\u00eatre l\u00e9galement habilit\u00e9 \u00e0 le faire.<\/li>\n<li>Transmettre des noms et des mots de passe \u00e0 des tiers non autoris\u00e9s.<\/li>\n<\/ul>\n<p>TODOCOMODOMO, S.L. n'est pas responsable des liens vers d'autres sites web et leur existence n'implique pas que TODOCOMODOMO, S.L. approuve ou accepte leurs contenus et services. Ces autres sites ne sont pas contr\u00f4l\u00e9s par TODOCOMODOMO, S.L. et ne sont pas couverts par la pr\u00e9sente politique de confidentialit\u00e9. Si vous acc\u00e9dez \u00e0 d'autres sites web en utilisant les liens fournis, les op\u00e9rateurs de ces sites web peuvent recueillir vos informations personnelles. Assurez-vous que vous \u00eates satisfait des politiques de confidentialit\u00e9 de ces sites tiers avant de fournir des informations personnelles.<\/p>\n<p>En g\u00e9n\u00e9ral, le titulaire du domaine exclut sa responsabilit\u00e9 pour tout dommage pouvant r\u00e9sulter de l'utilisation du site Web, ou r\u00e9sultant de la violation des droits de propri\u00e9t\u00e9 intellectuelle et industrielle par les utilisateurs et \/ ou le manque de v\u00e9racit\u00e9, d'exactitude et d'actualit\u00e9 du contenu. Il n'est pas non plus possible d'exiger des responsabilit\u00e9s au titulaire des domaines en raison de l'interruption des services, des op\u00e9rations ind\u00e9sirables ou de l'impossibilit\u00e9 d'acc\u00e9der au service.<\/p>\n<p>Le d\u00e9tenteur du domaine n'est pas responsable des dommages caus\u00e9s par la pr\u00e9sence de virus ou d'autres logiciels nuisibles susceptibles de produire des alt\u00e9rations dans le syst\u00e8me informatique de l'utilisateur.<\/p>\n<p>Le site web, ses programmes, dessins, logos, textes et\/ou graphiques sont la propri\u00e9t\u00e9 du fournisseur du site web ou dispose d'une licence appropri\u00e9e ou d'une autorisation expresse des auteurs.<\/p>\n<p>Toute reproduction, utilisation, exploitation, distribution et commercialisation, totale ou partielle, n\u00e9cessite toujours l'autorisation pr\u00e9alable de la Commission europ\u00e9enne. <strong>autorisation<\/strong><strong> de la<\/strong> <strong>d\u00e9tenteur de domaine<\/strong><strong>.<\/strong><\/p>\n<p>L'utilisateur s'engage \u00e0 ne pas accomplir d'actes contraires aux droits de propri\u00e9t\u00e9 intellectuelle et industrielle de l'auteur.<\/p>\n<p>Le fournisseur de services autorise les tiers \u00e0 rediriger directement vers le contenu sp\u00e9cifique de ce site web, mais ils doivent \u00eatre redirig\u00e9s vers le site web principal du fournisseur.<\/p>\n<ol start=\"3\">\n<li><strong>Utilisation de cookies<\/strong><\/li>\n<\/ol>\n<ul>\n<li>--Option 1, enlever selon les cas : ---<\/li>\n<\/ul>\n<p>TODOCOMODOMO, S.L., en tant que prestataire de services de ce site web, d\u00e9clare qu'il n'utilise aucune proc\u00e9dure automatique de collecte d'informations pour enregistrer le registre des utilisateurs qui visitent son site web, telle que les \"cookies\" et les \"spyers\".<\/p>\n<p>Toutefois, notre site web peut utiliser des proc\u00e9dures de collecte d'informations uniquement dans les cas suivants :<\/p>\n<ul>\n<li>Permettre uniquement la communication entre l'\u00e9quipement de l'utilisateur et le r\u00e9seau.<\/li>\n<li>Fournir strictement un service express\u00e9ment demand\u00e9 par l'utilisateur.<\/li>\n<\/ul>\n<p>Dans ces deux cas, nous vous informons que l'information et le consentement de l'utilisateur pour l'installation des cookies susmentionn\u00e9s ne sont pas n\u00e9cessaires. Plus pr\u00e9cis\u00e9ment, le groupe de travail \"Article 29\" a interpr\u00e9t\u00e9 dans son avis 4\/20123 que parmi les cookies exclus figurent ceux qui sont destin\u00e9s \u00e0 :<\/p>\n<ul>\n<li>\"Cookies \"Acc\u00e8s des utilisateurs<\/li>\n<li>Cookies d'authentification ou d'identification de l'utilisateur (session uniquement)<\/li>\n<li>Cookies de s\u00e9curit\u00e9 de l'utilisateur<\/li>\n<li>Cookies de session du lecteur multim\u00e9dia<\/li>\n<li>Cookies de session pour \u00e9quilibrer la charge<\/li>\n<li>Cookies de personnalisation de l'interface utilisateur<\/li>\n<li>Cookies suppl\u00e9mentaires (plug-in) pour l'\u00e9change de contenu social<\/li>\n<li>--Option 2, enlever selon les cas : ---<\/li>\n<\/ul>\n<p>TODOCOMODOMO, S.L., en tant que prestataire de services de ce site web, d\u00e9clare utiliser des proc\u00e9dures automatiques de collecte d'informations pour enregistrer le registre des utilisateurs qui visitent son site web. Cliquez ici pour acc\u00e9der \u00e0 notre 'politique d'utilisation des cookies' ------.<\/p>\n<ol start=\"4\">\n<li><strong> Politique de protection des donn\u00e9es.<\/strong><\/li>\n<\/ol>\n<p>Vous pouvez consulter notre politique de protection des donn\u00e9es personnelles \u00e0 la section suivante ------<\/p>\n<ol start=\"5\">\n<li><strong> Droit applicable<\/strong><\/li>\n<\/ol>\n<p>Les pr\u00e9sentes conditions sont r\u00e9gies \u00e0 tout moment par les dispositions de la l\u00e9gislation espagnole.<\/p>\n\t<\/div>\n<\/div>\n\n\n\n\n\t\t\t<\/div> \n\t\t<\/div>\n\t<\/div> \n<\/div><\/div>","protected":false},"excerpt":{"rendered":"Conditions d'utilisation AVIS L\u00c9GAL Conform\u00e9ment \u00e0 la loi 34\/2002, du 11 juillet, sur les services de la soci\u00e9t\u00e9 de l'information et du commerce \u00e9lectronique (Ley de Servicios de la Sociedad de la Informaci\u00f3n y de...","protected":false},"author":1,"featured_media":0,"parent":0,"menu_order":0,"comment_status":"closed","ping_status":"closed","template":"","meta":{"_acf_changed":false,"footnotes":""},"class_list":["post-539","page","type-page","status-publish"],"acf":[],"_links":{"self":[{"href":"https:\/\/como-domo.com\/fr\/wp-json\/wp\/v2\/pages\/539","targetHints":{"allow":["GET"]}}],"collection":[{"href":"https:\/\/como-domo.com\/fr\/wp-json\/wp\/v2\/pages"}],"about":[{"href":"https:\/\/como-domo.com\/fr\/wp-json\/wp\/v2\/types\/page"}],"author":[{"embeddable":true,"href":"https:\/\/como-domo.com\/fr\/wp-json\/wp\/v2\/users\/1"}],"replies":[{"embeddable":true,"href":"https:\/\/como-domo.com\/fr\/wp-json\/wp\/v2\/comments?post=539"}],"version-history":[{"count":13,"href":"https:\/\/como-domo.com\/fr\/wp-json\/wp\/v2\/pages\/539\/revisions"}],"predecessor-version":[{"id":8504,"href":"https:\/\/como-domo.com\/fr\/wp-json\/wp\/v2\/pages\/539\/revisions\/8504"}],"wp:attachment":[{"href":"https:\/\/como-domo.com\/fr\/wp-json\/wp\/v2\/media?parent=539"}],"curies":[{"name":"wp","href":"https:\/\/api.w.org\/{rel}","templated":true}]}}