{"id":517,"date":"2021-07-29T06:36:02","date_gmt":"2021-07-29T04:36:02","guid":{"rendered":"https:\/\/como-domo.com\/?page_id=517"},"modified":"2022-10-18T07:54:27","modified_gmt":"2022-10-18T05:54:27","slug":"register","status":"publish","type":"page","link":"https:\/\/como-domo.com\/fr\/registre\/","title":{"rendered":"Registre"},"content":{"rendered":"<div id=\"fws_69e2848d1e727\"  data-column-margin=\"default\" data-midnight=\"dark\"  class=\"wpb_row vc_row-fluid vc_row full-width-content vc_row-o-equal-height vc_row-flex vc_row-o-content-top\"  style=\"padding-top: 0px; padding-bottom: 0px; \"><div class=\"row-bg-wrap\" data-bg-animation=\"none\" data-bg-animation-delay=\"\" data-bg-overlay=\"false\"><div class=\"inner-wrap row-bg-layer\" ><div class=\"row-bg viewport-desktop\"  style=\"\"><\/div><\/div><\/div><div class=\"row_col_wrap_12 col span_12 dark left\">\n\t<div  class=\"vc_col-sm-12 wpb_column column_container vc_column_container col padding-3-percent inherit_tablet inherit_phone\"  data-padding-pos=\"all\" data-has-bg-color=\"false\" data-bg-color=\"\" data-bg-opacity=\"1\" data-animation=\"\" data-delay=\"0\" >\n\t\t<div class=\"vc_column-inner\" >\n\t\t\t<div class=\"wpb_wrapper\">\n\t\t\t\t<div id=\"fws_69e2848d1f048\" data-midnight=\"\" data-column-margin=\"default\" class=\"wpb_row vc_row-fluid vc_row inner_row\"  style=\"\"><div class=\"row-bg-wrap\"> <div class=\"row-bg\" ><\/div> <\/div><div class=\"row_col_wrap_12_inner col span_12  left\">\n\t<div  class=\"vc_col-sm-12 wpb_column column_container vc_column_container col child_column centered-text no-extra-padding inherit_tablet inherit_phone\"   data-padding-pos=\"all\" data-has-bg-color=\"false\" data-bg-color=\"\" data-bg-opacity=\"1\" data-animation=\"\" data-delay=\"0\" >\n\t\t<div class=\"vc_column-inner\" >\n\t\t<div class=\"wpb_wrapper\">\n\t\t\t\n<div class=\"wpb_text_column wpb_content_element\" >\n\t<div class=\"wpb_wrapper\">\n\t\t<h1>Cr\u00e9ez votre compte. Aucune carte de cr\u00e9dit n'est n\u00e9cessaire.<\/h1>\n\t<\/div>\n<\/div>\n\n\n\n\n\t\t<\/div> \n\t<\/div>\n\t<\/div> \n<\/div><\/div><div id=\"fws_69e2848d1f995\" data-midnight=\"\" data-column-margin=\"default\" class=\"wpb_row vc_row-fluid vc_row inner_row\"  style=\"\"><div class=\"row-bg-wrap\"> <div class=\"row-bg\" ><\/div> <\/div><div class=\"row_col_wrap_12_inner col span_12  left\">\n\t<div  class=\"vc_col-sm-12 wpb_column column_container vc_column_container col child_column no-extra-padding inherit_tablet inherit_phone\"   data-padding-pos=\"all\" data-has-bg-color=\"false\" data-bg-color=\"\" data-bg-opacity=\"1\" data-animation=\"\" data-delay=\"0\" >\n\t\t<div class=\"vc_column-inner\" >\n\t\t<div class=\"wpb_wrapper\">\n\t\t\t<div class=\"divider-wrap\" data-alignment=\"default\"><div style=\"height: 25px;\" class=\"divider\"><\/div><\/div>\n<div class=\"wpb_text_column wpb_content_element\" >\n\t<div class=\"wpb_wrapper\">\n\t\t\t\t<form id=\"acf-form\" class=\"acf-form\" action=\"\" method=\"post\" data-trp-original-action=\"\">\n\t\t\t\t\t<div id=\"acf-form-data\" class=\"acf-hidden\">\n\t\t<input type=\"hidden\" id=\"_acf_screen\" name=\"_acf_screen\" value=\"acf_form\"\/><input type=\"hidden\" id=\"_acf_post_id\" name=\"_acf_post_id\" value=\"new_post\"\/><input type=\"hidden\" id=\"_acf_validation\" name=\"_acf_validation\" value=\"1\"\/><input type=\"hidden\" id=\"_acf_form\" name=\"_acf_form\" value=\"R2ErMW5lQnJ1aFNySWY4Ty9wTVpFZFBGaWpLMis4bDNlMnVuUEg3VWhNbWhSbXFDT2s2Ny9oNnp5QlJpREh2aGExM2ZiYVYrZEJFWEtPa3lTaW5lVVpTcUdPeVI2YnRHWk1WUmN2OU1CTTFuMHU0bmxKN2lQcG83R1UrVTRrVm1peHVqWjN4SVZ4aW9pUGN5WHFtVVRuUUJvdEx6UFRXVFQrNTNsZ05pSWpiaWx6OCtFVXBNaDRZVVp6NHBtSjZFWTQwUzRqZHk3cU9nc2pBZ1IxVkVWUGZ0YnYvM3NhUDZRUUxxWmxRd0tUcHVnSG90YWhtd1VtaGI3VHU2TkVwY0M4K3ppd2gvbHBTUlU1NWRYSUR1azRaOWdKL0dKNmtwVGFIYlBDZkhNSWMwOThNNmFOM0dpcUVocWlNdkJRaG03SFZoOXNaTW1uNGlaeVFxVE1kMWZxMjFYdGJzWklZbU95Q0pWUlJXKzFPeXBqaUVBTzdVdUZmd21uZ3hpblhrUWNQeThCWnp1SnJBeEs4djBVNGNTV2hJM2MwVjNxWGNocjZpdmlhYVp0dXE1ZjdBdU85LzM0akZjRjB1WXE3WEpoNWx6VnQzdTBaalVCSFpjYURITWVESGlGdWdyNllwaS9HSUNHZG9vM0dsQ2o5Q0JYb1NNZFZjTU10WG9KR3E0QmhOQ1NkUnJYcEQzbjBGU2w2d2ZsZXQ5MjAvclJPTDBoa3htV0JnaVNXY21ld3J6blorQXd3a2hMcStsSUs1eU1zN3lObzd0anMwREs5d21xNjBwUDV2LzZJdTh4Q0drQkRINDdIUDRyZzhIcitSd0J1aE9HQUNQcDFWbzJJWFNBbmhmTkxwaXdXVFhUSFI1Z3N4ejJSSGJUL1FkQVdmcC80K1I1OTRmTjExNVdQWUM4M1dMMUVvRzZ4aG9MamZBUTFwdjVmUldEMWpaN2J2aU0weHhCMVo1ZEs4MWJEdkdrMHJxQ2JuWVR0b2NYMS84WGdrUU4zVEdKdTFBYjJYemcxZ1FZMlVnYWUyV01nelhTd3RtMEoyLzQ2cEYvbGhCUDZEbzdIM2FXOGE1QTF1TEZQZGZ4TWVXcWp4QTQ3ZUc3THNoTzdURExPZDU4SFB6N0lzM1VGb2l5Y2EzQ1dnR2o5dzdYMnlDb05aUm5hdEYxZkJSNC82YVh2NHZpVTgvdXhuWmcrL2E2Y3EyU3ZZZmxaQmxmUklPSys1MlhESlVFRHdIS0ZiQmNQVVE5Wkc5OTNkSHRSdCtzTnZaempYWW9Wak1KMmp3LzRBclNpZmF4SmxCWFFJN2ZRQ3ZJYVlxQTdvWC9ncWYvUm95a252Y0FZNmUrT3JQeUZZOXRYUXgwclhLMHhXVEJJUStOdEE4b3F3TTA1N2U2N3JMUHJ1alBITEYxNi83eDA9OjoJANYeMLra0\/WI56+OPKrF\"\/><input type=\"hidden\" id=\"_acf_nonce\" name=\"_acf_nonce\" value=\"063604a5a1\"\/><input type=\"hidden\" id=\"_acf_changed\" name=\"_acf_changed\" value=\"0\"\/>\t<\/div>\n\t\t\t\t<div class=\"acf-fields acf-form-fields -top\">\n\t\t\t\t\t\t\t\t<div class=\"acf-field acf-field-text acf-field-6115f66a44d59 is-required\" style=\"width:50%;\" data-name=\"nombre\" data-type=\"text\" data-key=\"field_6115f66a44d59\" data-required=\"1\" data-width=\"50\">\n<div class=\"acf-label\">\n<label for=\"acf-field_6115f66a44d59\">Nom <span class=\"acf-required\">*<\/span><\/label><\/div>\n<div class=\"acf-input\">\n<div class=\"acf-input-wrap\"><input type=\"text\" id=\"acf-field_6115f66a44d59\" name=\"acf[field_6115f66a44d59]\" placeholder=\"Votre nom\" required=\"required\"\/><\/div><\/div>\n<\/div>\n<div class=\"acf-field acf-field-text acf-field-6115f67944d5a is-required\" style=\"width:50%;\" data-name=\"apellidos\" data-type=\"text\" data-key=\"field_6115f67944d5a\" data-required=\"1\" data-width=\"50\">\n<div class=\"acf-label\">\n<label for=\"acf-field_6115f67944d5a\">Nom de famille <span class=\"acf-required\">*<\/span><\/label><\/div>\n<div class=\"acf-input\">\n<div class=\"acf-input-wrap\"><input type=\"text\" id=\"acf-field_6115f67944d5a\" name=\"acf[field_6115f67944d5a]\" placeholder=\"Votre nom de famille\" required=\"required\"\/><\/div><\/div>\n<\/div>\n<div class=\"acf-field acf-field-message acf-field-634e3c7190fd2\" data-type=\"message\" data-key=\"field_634e3c7190fd2\">\n<div class=\"acf-label\">\n<\/div>\n<div class=\"acf-input\">\n<p>Vous pouvez remplir votre email ou votre t\u00e9l\u00e9phone (ou les deux) afin de les utiliser pour acc\u00e9der \u00e0 COMO-DOMO.<\/p>\n<\/div>\n<\/div>\n<div class=\"acf-field acf-field-email acf-field-6115f69c44d5b\" style=\"width:50%;\" data-name=\"email\" data-type=\"email\" data-key=\"field_6115f69c44d5b\" data-width=\"50\">\n<div class=\"acf-label\">\n<label for=\"acf-field_6115f69c44d5b\">Courriel<\/label><\/div>\n<div class=\"acf-input\">\n<div class=\"acf-input-wrap\"><input type=\"email\" id=\"acf-field_6115f69c44d5b\" name=\"acf[field_6115f69c44d5b]\" placeholder=\"Votre adresse \u00e9lectronique\"\/><\/div><\/div>\n<\/div>\n<div class=\"acf-field acf-field-text acf-field-634e3c5a90fd1 telefonooculto\" style=\"width:50%;\" data-name=\"telefono\" data-type=\"text\" data-key=\"field_634e3c5a90fd1\" data-width=\"50\">\n<div class=\"acf-label\">\n<label for=\"acf-field_634e3c5a90fd1\">T\u00e9l\u00e9phone<\/label><\/div>\n<div class=\"acf-input\">\n<div class=\"acf-input-wrap\"><input type=\"text\" id=\"acf-field_634e3c5a90fd1\" name=\"acf[field_634e3c5a90fd1]\" placeholder=\"Votre t\u00e9l\u00e9phone\"\/><\/div><input type=\"text\" id=\"alttelefono\" value=\"\"><script>\n\t\tvar itialttelefono;\njQuery(document).ready(function(){\n  var input = document.querySelector(\"#alttelefono\");\n  itialttelefono = window.intlTelInput(input, {\n  initialCountry: \"auto\",\n   utilsScript: \"https:\/\/cdnjs.cloudflare.com\/ajax\/libs\/intl-tel-input\/17.0.19\/js\/utils.min.js\",\n  geoIpLookup: function(success, failure) {\n    jQuery.get(\"https:\/\/ipinfo.io\", function() {}, \"jsonp\").always(function(resp) {\n      var countryCode = (resp && resp.country) ? resp.country : \"es\";\n      success(countryCode);\n    });\n  } \n  });\n  \n\tjQuery(\"#alttelefono\").on(\"change\", function(){\n\t\tconsole.log(itialttelefono.getNumber());\n\t \n\t\tjQuery(\"[data-name=telefono] input\").first().val(itialttelefono.getNumber());\n\t\t \n\t});\n});\n<\/script><\/div>\n<\/div>\n<div class=\"acf-field acf-field-text acf-field-6115f6b344d5d is-required\" style=\"width:50%;\" data-name=\"contrasena\" data-type=\"text\" data-key=\"field_6115f6b344d5d\" data-required=\"1\" data-width=\"50\">\n<div class=\"acf-label\">\n<label for=\"acf-field_6115f6b344d5d\">Mot de passe <span class=\"acf-required\">*<\/span><\/label><\/div>\n<div class=\"acf-input\">\n<div class=\"acf-input-wrap\"><input type=\"text\" id=\"acf-field_6115f6b344d5d\" name=\"acf[field_6115f6b344d5d]\" placeholder=\"Votre mot de passe\" required=\"required\"\/><\/div><\/div>\n<\/div>\n<div class=\"acf-field acf-field-checkbox acf-field-6115fa35ddd3c is-required\" data-name=\"aceptacion\" data-type=\"checkbox\" data-key=\"field_6115fa35ddd3c\" data-required=\"1\">\n<div class=\"acf-label\">\n<label for=\"acf-field_6115fa35ddd3c\"> <span class=\"acf-required\">*<\/span><\/label><\/div>\n<div class=\"acf-input\">\n<input type=\"hidden\" name=\"acf[field_6115fa35ddd3c]\"\/><ul class=\"acf-checkbox-list acf-hl\">\n<li><label><input type=\"checkbox\" id=\"acf-field_6115fa35ddd3c-I-have-read-and-accept-the-&lt;a-href=&quot;\/privacy-policy\/&quot;-target=&quot;_blank&quot;&gt;Privacy-Policy&lt;\/a&gt;-of-this-website.\" name=\"acf[field_6115fa35ddd3c][]\" value=\"I have read and accept the &lt;a href=&quot;\/privacy-policy\/&quot; target=&quot;_blank&quot;&gt;Privacy Policy&lt;\/a&gt; of this website.\"\/> J'ai lu et j'accepte les <a href=\"https:\/\/como-domo.com\/fr\/politique-de-confidentialite\/\" target=\"_blank\">Politique de confidentialit\u00e9<\/a> de ce site.<\/label><\/li>\n<\/ul>\n<\/div>\n<\/div>\n<div class=\"acf-field acf-field-text acf-field--validate-email\" style=\"display:none !important;\" data-name=\"_validate_email\" data-type=\"text\" data-key=\"_validate_email\">\n<div class=\"acf-label\">\n<label for=\"acf-_validate_email\">Valider l'e-mail<\/label><\/div>\n<div class=\"acf-input\">\n<div class=\"acf-input-wrap\"><input type=\"text\" id=\"acf-_validate_email\" name=\"acf[_validate_email]\"\/><\/div><\/div>\n<\/div>\n\t\t\t\t\t\t\t<\/div>\n\t\t\t\t\t\t<div class=\"acf-form-submit\">\n\t\t\t\t<input type=\"submit\" class=\"acf-button button button-primary button-large\" value=\"S&#039;inscrire maintenant\" \/>\t\t\t\t<span class=\"acf-spinner\"><\/span>\t\t\t<\/div>\n\t\t<input type=\"hidden\" name=\"trp-form-language\" value=\"fr\"\/><\/form>\n\t\t<div class=\"nsl-container nsl-container-block\" data-align=\"left\"><div class=\"nsl-container-buttons\"><a href=\"https:\/\/como-domo.com\/wp-login.php?loginSocial=facebook&#038;redirect=https%3A%2F%2Fcomo-domo.com%2Ffr%2Fwp-json%2Fwp%2Fv2%2Fpages%2F517\" rel=\"nofollow\" aria-label=\"Poursuivre avec &lt;b&gt;Facebook&lt;\/b&gt;\" data-plugin=\"nsl\" data-action=\"connect\" data-provider=\"facebook\" data-popupwidth=\"600\" data-popupheight=\"679\"><div class=\"nsl-button nsl-button-default nsl-button-facebook\" data-skin=\"dark\" style=\"background-color:#1877F2;\"><div class=\"nsl-button-svg-container\"><svg xmlns=\"http:\/\/www.w3.org\/2000\/svg\" viewbox=\"0 0 1365.3 1365.3\" height=\"24\" width=\"24\"><path d=\"M1365.3 682.7A682.7 682.7 0 10576 1357V880H402.7V682.7H576V532.3c0-171.1 102-265.6 257.9-265.6 74.6 0 152.8 13.3 152.8 13.3v168h-86.1c-84.8 0-111.3 52.6-111.3 106.6v128h189.4L948.4 880h-159v477a682.8 682.8 0 00576-674.3\" fill=\"#fff\"\/><\/svg><\/div><div class=\"nsl-button-label-container\">Continuer avec <b>Facebook<\/b><\/div><\/div><\/a><a href=\"https:\/\/como-domo.com\/wp-login.php?loginSocial=google&#038;redirect=https%3A%2F%2Fcomo-domo.com%2Ffr%2Fwp-json%2Fwp%2Fv2%2Fpages%2F517\" rel=\"nofollow\" aria-label=\"Poursuivre avec &lt;b&gt;Google&lt;\/b&gt;\" data-plugin=\"nsl\" data-action=\"connect\" data-provider=\"google\" data-popupwidth=\"600\" data-popupheight=\"600\"><div class=\"nsl-button nsl-button-default nsl-button-google\" data-skin=\"light\" style=\"background-color:#fff;\"><div class=\"nsl-button-svg-container\"><svg xmlns=\"http:\/\/www.w3.org\/2000\/svg\" width=\"24\" height=\"24\" viewbox=\"0 0 24 24\"><path fill=\"#4285F4\" d=\"M20.64 12.2045c0-.6381-.0573-1.2518-.1636-1.8409H12v3.4814h4.8436c-.2086 1.125-.8427 2.0782-1.7959 2.7164v2.2581h2.9087c1.7018-1.5668 2.6836-3.874 2.6836-6.615z\"><\/path><path fill=\"#34A853\" d=\"M12 21c2.43 0 4.4673-.806 5.9564-2.1805l-2.9087-2.2581c-.8059.54-1.8368.859-3.0477.859-2.344 0-4.3282-1.5831-5.036-3.7104H3.9574v2.3318C5.4382 18.9832 8.4818 21 12 21z\"><\/path><path fill=\"#FBBC05\" d=\"M6.964 13.71c-.18-.54-.2822-1.1168-.2822-1.71s.1023-1.17.2823-1.71V7.9582H3.9573A8.9965 8.9965 0 0 0 3 12c0 1.4523.3477 2.8268.9573 4.0418L6.964 13.71z\"><\/path><path fill=\"#EA4335\" d=\"M12 6.5795c1.3214 0 2.5077.4541 3.4405 1.346l2.5813-2.5814C16.4632 3.8918 14.426 3 12 3 8.4818 3 5.4382 5.0168 3.9573 7.9582L6.964 10.29C7.6718 8.1627 9.6559 6.5795 12 6.5795z\"><\/path><\/svg><\/div><div class=\"nsl-button-label-container\">Continuer avec <b>Google<\/b><\/div><\/div><\/a><\/div><\/div>\n\t<\/div>\n<\/div>\n\n\n\n<div class=\"divider-wrap\" data-alignment=\"default\"><div style=\"height: 25px;\" class=\"divider\"><\/div><\/div><div class=\"nectar-cta  alignment_tablet_default alignment_phone_default\" data-color=\"default\" data-using-bg=\"false\" data-display=\"block\" data-style=\"underline\" data-alignment=\"center\" data-text-color=\"std\" ><p> <span class=\"link_wrap\" ><a  class=\"link_text\"  href=\"https:\/\/como-domo.com\/fr\/connexion\/\"> J'ai d\u00e9j\u00e0 un compte, allez \u00e0 Connexion<\/a><\/span><\/p><\/div>\n\t\t<\/div> \n\t<\/div>\n\t<\/div> \n<\/div><\/div>\n\t<div class=\"wpb_raw_code wpb_content_element wpb_raw_html\" >\n\t\t<div class=\"wpb_wrapper\">\n\t\t\t<script>\njQuery(document).ready(function() {\n    acf.unload.active = false;\n  });\n<\/script>\n\t\t<\/div>\n\t<\/div>\n\n\t\t\t<\/div> \n\t\t<\/div>\n\t<\/div> \n<\/div><\/div>","protected":false},"excerpt":{"rendered":"Cr\u00e9ez votre compte. Pas besoin de carte de cr\u00e9dit. Nom * Pr\u00e9nom * Vous pouvez renseigner votre email ou votre t\u00e9l\u00e9phone (ou les deux) afin de les utiliser pour acc\u00e9der \u00e0 COMO-DOMO...","protected":false},"author":1,"featured_media":0,"parent":0,"menu_order":0,"comment_status":"closed","ping_status":"closed","template":"template-no-header-footer.php","meta":{"_acf_changed":false,"footnotes":""},"class_list":["post-517","page","type-page","status-publish"],"acf":[],"_links":{"self":[{"href":"https:\/\/como-domo.com\/fr\/wp-json\/wp\/v2\/pages\/517","targetHints":{"allow":["GET"]}}],"collection":[{"href":"https:\/\/como-domo.com\/fr\/wp-json\/wp\/v2\/pages"}],"about":[{"href":"https:\/\/como-domo.com\/fr\/wp-json\/wp\/v2\/types\/page"}],"author":[{"embeddable":true,"href":"https:\/\/como-domo.com\/fr\/wp-json\/wp\/v2\/users\/1"}],"replies":[{"embeddable":true,"href":"https:\/\/como-domo.com\/fr\/wp-json\/wp\/v2\/comments?post=517"}],"version-history":[{"count":23,"href":"https:\/\/como-domo.com\/fr\/wp-json\/wp\/v2\/pages\/517\/revisions"}],"predecessor-version":[{"id":3810,"href":"https:\/\/como-domo.com\/fr\/wp-json\/wp\/v2\/pages\/517\/revisions\/3810"}],"wp:attachment":[{"href":"https:\/\/como-domo.com\/fr\/wp-json\/wp\/v2\/media?parent=517"}],"curies":[{"name":"wp","href":"https:\/\/api.w.org\/{rel}","templated":true}]}}