{"id":946,"date":"2021-09-16T11:53:36","date_gmt":"2021-09-16T09:53:36","guid":{"rendered":"https:\/\/como-domo.com\/?page_id=946"},"modified":"2023-03-24T18:27:37","modified_gmt":"2023-03-24T17:27:37","slug":"about-us","status":"publish","type":"page","link":"https:\/\/como-domo.com\/de\/uber-uns\/","title":{"rendered":"\u00dcber uns"},"content":{"rendered":"<div id=\"fws_69e1e7ef3b6a6\"  data-column-margin=\"default\" data-midnight=\"dark\" data-top-percent=\"2%\"  class=\"wpb_row vc_row-fluid vc_row\"  style=\"padding-top: calc(100vw * 0.02); padding-bottom: 0px; \"><div class=\"row-bg-wrap\" data-bg-animation=\"none\" data-bg-animation-delay=\"\" data-bg-overlay=\"false\"><div class=\"inner-wrap row-bg-layer\" ><div class=\"row-bg viewport-desktop\"  style=\"\"><\/div><\/div><\/div><div class=\"row_col_wrap_12 col span_12 dark left\">\n\t<div  class=\"vc_col-sm-12 wpb_column column_container vc_column_container col no-extra-padding inherit_tablet inherit_phone\"  data-padding-pos=\"all\" data-has-bg-color=\"false\" data-bg-color=\"\" data-bg-opacity=\"1\" data-animation=\"\" data-delay=\"0\" >\n\t\t<div class=\"vc_column-inner\" >\n\t\t\t<div class=\"wpb_wrapper\">\n\t\t\t\t\n<div class=\"wpb_text_column wpb_content_element\" style=\" max-width: 750px; display: inline-block;\">\n\t<div class=\"wpb_wrapper\">\n\t\t<h1>\u00dcber uns<\/h1>\n\t<\/div>\n<\/div>\n\n\n\n<div class=\"divider-wrap\" data-alignment=\"default\"><div style=\"height: 25px;\" class=\"divider\"><\/div><\/div><div class=\"page-submenu\" data-bg-color=\"#f0f0f0\" data-sticky=\"false\" data-alignment=\"left\"><div class=\"full-width-section\" style=\"background-color:#f0f0f0; color: #000000;\"><div class=\"container\"><a href=\"#\" class=\"mobile-menu-link\"><i class=\"salient-page-submenu-icon\"><\/i>Men\u00fc<\/a><ul style=\"background-color:#f0f0f0; color: #000000;\"><li><a  href=\"#about-us\">\u00dcber uns<\/a><\/li><li><a  href=\"#faqs\">FAQs<\/a><\/li><li><a  href=\"#contact\">Kontakt<\/a><\/li><\/ul><\/div><\/div><\/div>\n\t\t\t<\/div> \n\t\t<\/div>\n\t<\/div> \n<\/div><\/div>\n\t\t<div id=\"about-us\"  data-column-margin=\"default\" data-midnight=\"dark\" data-top-percent=\"5%\"  class=\"wpb_row vc_row-fluid vc_row full-width-section\"  style=\"padding-top: calc(100vw * 0.05); padding-bottom: 0px; \"><div class=\"row-bg-wrap\" data-bg-animation=\"none\" data-bg-animation-delay=\"\" data-bg-overlay=\"false\"><div class=\"inner-wrap row-bg-layer\" ><div class=\"row-bg viewport-desktop using-bg-color\"  style=\"background-color: #ffffff; \"><\/div><\/div><\/div><div class=\"row_col_wrap_12 col span_12 dark left\">\n\t<div  class=\"vc_col-sm-8 wpb_column column_container vc_column_container col no-extra-padding inherit_tablet inherit_phone\"  data-padding-pos=\"all\" data-has-bg-color=\"false\" data-bg-color=\"\" data-bg-opacity=\"1\" data-animation=\"\" data-delay=\"0\" >\n\t\t<div class=\"vc_column-inner\" >\n\t\t\t<div class=\"wpb_wrapper\">\n\t\t\t\t\n<div class=\"wpb_text_column wpb_content_element\" >\n\t<div class=\"wpb_wrapper\">\n\t\t<h2>\u00dcber uns<\/h2>\n<p><span style=\"font-weight: 400;\">Eine fl\u00fcssige, klare und gut strukturierte Kommunikation zwischen Menschen, Unternehmen und Institutionen ist unerl\u00e4sslich, damit alles reibungslos abl\u00e4uft.\u00a0<\/span><\/p>\n<p><span style=\"font-weight: 400;\">In der Absicht, dazu beizutragen, bieten die Mitglieder von COMODOMO ihre umfassende Erfahrung in der Welt des Internets und der Kommunikation an. Eine Herausforderung, die uns mit Zufriedenheit und Begeisterung erf\u00fcllt.<\/span><\/p>\n\t<\/div>\n<\/div>\n\n\n\n<div class=\"divider-wrap\" data-alignment=\"default\"><div style=\"height: 25px;\" class=\"divider\"><\/div><\/div><div class=\"divider-wrap\" data-alignment=\"default\"><div style=\"height: 25px;\" class=\"divider\"><\/div><\/div>\n\t\t\t<\/div> \n\t\t<\/div>\n\t<\/div> \n\n\t<div  class=\"vc_col-sm-4 wpb_column column_container vc_column_container col no-extra-padding inherit_tablet inherit_phone\"  data-padding-pos=\"all\" data-has-bg-color=\"false\" data-bg-color=\"\" data-bg-opacity=\"1\" data-animation=\"\" data-delay=\"0\" >\n\t\t<div class=\"vc_column-inner\" >\n\t\t\t<div class=\"wpb_wrapper\">\n\t\t\t\t\n\t\t\t<\/div> \n\t\t<\/div>\n\t<\/div> \n<\/div><\/div>\n\t\t<div id=\"faqs\"  data-column-margin=\"default\" data-midnight=\"dark\" data-top-percent=\"5%\"  class=\"wpb_row vc_row-fluid vc_row full-width-section\"  style=\"padding-top: calc(100vw * 0.05); padding-bottom: 0px; \"><div class=\"row-bg-wrap\" data-bg-animation=\"none\" data-bg-animation-delay=\"\" data-bg-overlay=\"false\"><div class=\"inner-wrap row-bg-layer\" ><div class=\"row-bg viewport-desktop using-bg-color\"  style=\"background-color: #ffffff; \"><\/div><\/div><\/div><div class=\"row_col_wrap_12 col span_12 dark left\">\n\t<div  class=\"vc_col-sm-12 wpb_column column_container vc_column_container col no-extra-padding inherit_tablet inherit_phone\"  data-padding-pos=\"all\" data-has-bg-color=\"false\" data-bg-color=\"\" data-bg-opacity=\"1\" data-animation=\"\" data-delay=\"0\" >\n\t\t<div class=\"vc_column-inner\" >\n\t\t\t<div class=\"wpb_wrapper\">\n\t\t\t\t\n<div class=\"wpb_text_column wpb_content_element\" >\n\t<div class=\"wpb_wrapper\">\n\t\t<h2>H\u00e4ufig gestellte Fragen<\/h2>\n\t<\/div>\n<\/div>\n\n\n\n<div class=\"toggles\" data-br=\"\" data-starting=\"default\" data-style=\"minimal\"><div class=\"toggle default\" data-inner-wrap=\"true\"><h3 class=\"toggle-title\"><a href=\"#\" class=\"toggle-heading\"><i class=\"fa fa-plus-circle\"><\/i>Was ist COMO-DOMO?<\/a><\/h3><div><div class=\"inner-toggle-wrap\">\n<div class=\"wpb_text_column wpb_content_element\" >\n\t<div class=\"wpb_wrapper\">\n\t\t<p>Es ist ein einfacher und effizienter Dienst f\u00fcr den Austausch von Informationen in jedem Bereich, sowohl zu Hause als auch am Arbeitsplatz.<br \/>\nEs ist einfach, intuitiv und kann \u00fcber Ihr Smartphone verwaltet werden.<\/p>\n\t<\/div>\n<\/div>\n\n\n\n<\/div><\/div><\/div><div class=\"toggle default\" data-inner-wrap=\"true\"><h3 class=\"toggle-title\"><a href=\"#\" class=\"toggle-heading\"><i class=\"fa fa-plus-circle\"><\/i>Wie funktioniert COMO-DOMO?<\/a><\/h3><div><div class=\"inner-toggle-wrap\">\n<div class=\"wpb_text_column wpb_content_element\" >\n\t<div class=\"wpb_wrapper\">\n\t\t<p><span style=\"font-weight: 400;\">Es handelt sich um ein praktisches Instrument, mit dem die Benutzer Punkt f\u00fcr Punkt Verfahren f\u00fcr allgemeine Aufgaben beschreiben und diese Informationen speichern k\u00f6nnen, so dass sie anderen, Einzelpersonen oder Gruppen, die M\u00f6glichkeit geben k\u00f6nnen, ihre Beitr\u00e4ge vertraulich einzusehen.<\/span><\/p>\n\t<\/div>\n<\/div>\n\n\n\n<\/div><\/div><\/div><div class=\"toggle default\" data-inner-wrap=\"true\"><h3 class=\"toggle-title\"><a href=\"#\" class=\"toggle-heading\"><i class=\"fa fa-plus-circle\"><\/i>Wof\u00fcr kann ich COMO-DOMO verwenden?<\/a><\/h3><div><div class=\"inner-toggle-wrap\">\n<div class=\"wpb_text_column wpb_content_element\" >\n\t<div class=\"wpb_wrapper\">\n\t\t<p><span style=\"font-weight: 400;\">Es funktioniert wirklich gut in vielen verschiedenen Situationen, in jedem Bereich, Unternehmen oder Beruf, und ist gleicherma\u00dfen g\u00fcltig f\u00fcr zu Hause und am Arbeitsplatz.<\/span><\/p>\n<p><b>Zu Hause<\/b><\/p>\n<ul>\n<li><span style=\"font-weight: 400;\"> Sie k\u00f6nnen es f\u00fcr die Koordinierung von Gruppenveranstaltungen, Familien- und Freundesfeiern und sogar f\u00fcr Wochenendausfl\u00fcge verwenden...<\/span><\/li>\n<li><span style=\"font-weight: 400;\"> Wenn Sie jemandem die Betreuung eines \u00e4lteren Menschen oder eines Kindes, eines Gartens oder eines Haustieres anvertrauen, ist das sehr hilfreich.<\/span><\/li>\n<li><span style=\"font-weight: 400;\"> Au\u00dferdem kann die ganze Familie erfahren, wie man die Waschmaschine, die Heizung usw. bedient.<\/span><\/li>\n<li><span style=\"font-weight: 400;\"> Wenn Sie jemandem Ihr Landhaus leihen, k\u00f6nnen Sie ihm Informationen dar\u00fcber geben, wie alles funktioniert.<\/span><\/li>\n<\/ul>\n<p><b>Bei der Arbeit<\/b><\/p>\n<ul>\n<li><span style=\"font-weight: 400;\"> Wenn man jemanden mit der Betreuung eines Bauernhofs, eines Hauses, eines Gesch\u00e4fts beauftragt...<\/span><\/li>\n<li><span style=\"font-weight: 400;\"> Auch, wenn Sie jemandem eine Aufgabe oder ein Projekt zuweisen m\u00fcssen.<\/span><\/li>\n<li><span style=\"font-weight: 400;\"> Ideal f\u00fcr Qualit\u00e4tskontrolle und Standardisierungsverfahren<\/span><\/li>\n<\/ul>\n<p><strong>z.B..\u00a0<\/strong><\/p>\n<p><span style=\"font-weight: 400;\">-Hotels: Um komfortable und saubere Zimmer f\u00fcr die G\u00e4ste vorzubereiten, ist es wichtig, das Personal auf dem neuesten Stand und gut geschult zu halten. Au\u00dferdem soll es den Einarbeitungsprozess erleichtern, wenn ein neuer Mitarbeiter zum Team st\u00f6\u00dft.\u00a0<\/span><\/p>\n<p><span style=\"font-weight: 400;\">-Restaurants: Wie deckt man einen Tisch f\u00fcr Feiern? Im Zweifelsfall k\u00f6nnen die Kellner Ihre Anweisungen und Informationen auf ihren eigenen Smartphones nachschlagen...\u00a0<\/span><\/p>\n<p><span style=\"font-weight: 400;\">-G\u00e4rtnern: Eine Liste von Punkten, die die Ma\u00dfnahmen beschreiben, die jeden Monat an einem bestimmten Ort durchgef\u00fchrt werden sollen. Sie soll eine Hilfe sein, wenn das G\u00e4rtnerteam<\/span>\u00a0wechselt oft mal das Personal.<\/p>\n<p><b>Auch f\u00fcr Gemeinschaftsnormen<\/b><\/p>\n<p><span style=\"font-weight: 400;\">Gedacht f\u00fcr R\u00e4ume wie Sportvereine und Sportanlagen, Gemeinschaftselemente einer Eigentumswohnung oder Spielpl\u00e4tze in Schulen...<\/span><\/p>\n<p><span style=\"font-weight: 400;\">Es erm\u00f6glicht eine wirksame Art und Weise, die wesentlichen Normen f\u00fcr die korrekte Nutzung dieser Seiten zu verfassen und zu ver\u00f6ffentlichen, indem der entsprechende QR-Code (von COMO-DOMO zur Verf\u00fcgung gestellt) an einer herausragenden und sichtbaren Stelle angebracht werden kann.<\/span><\/p>\n<p style=\"text-align: center;\"><span style=\"font-weight: 400;\">Auf jeden Fall, <\/span><b>COMO-DOMO<\/b><span style=\"font-weight: 400;\"> wird zum perfekten Kanal f\u00fcr die Weitergabe Ihrer Anweisungen...\u00a0<\/span><\/p>\n\t<\/div>\n<\/div>\n\n\n\n<\/div><\/div><\/div><div class=\"toggle default\" data-inner-wrap=\"true\"><h3 class=\"toggle-title\"><a href=\"#\" class=\"toggle-heading\"><i class=\"fa fa-plus-circle\"><\/i>Was ist ein THEMA in COMO-DOMO?<\/a><\/h3><div><div class=\"inner-toggle-wrap\">\n<div class=\"wpb_text_column wpb_content_element\" >\n\t<div class=\"wpb_wrapper\">\n\t\t<p><span style=\"font-weight: 400;\">Stellen Sie sich eine Papiermappe mit Dokumenten vor, die auf einer der Klappen mit einem Etikett versehen ist.\u00a0<\/span><\/p>\n<p>&nbsp;<\/p>\n<p><span style=\"font-weight: 400;\">Der Schriftzug auf dem Etikett weist auf das Thema des Inhalts hin, daher beziehen sich alle darin enthaltenen Dokumente auf dieses Thema.<\/span><\/p>\n<p>&nbsp;<\/p>\n<p><span style=\"font-weight: 400;\">Das ist die Idee, obwohl der Ordner in diesem Fall virtuell ist...<\/span><\/p>\n<p>&nbsp;<\/p>\n<p><span style=\"font-weight: 400;\">Kurz gesagt sind Themes Online-Ordner, in denen Ihre Informationen \u00fcbersichtlich und organisiert dargestellt werden.<\/span><\/p>\n\t<\/div>\n<\/div>\n\n\n\n<\/div><\/div><\/div><div class=\"toggle default\" data-inner-wrap=\"true\"><h3 class=\"toggle-title\"><a href=\"#\" class=\"toggle-heading\"><i class=\"fa fa-plus-circle\"><\/i>Wie sind die THEMEN aufgebaut?<\/a><\/h3><div><div class=\"inner-toggle-wrap\">\n<div class=\"wpb_text_column wpb_content_element\" >\n\t<div class=\"wpb_wrapper\">\n\t\t<p><span style=\"font-weight: 400;\">Es entspricht einem typischen Ordnerbaummodell, beginnend mit einem <strong>Wurzelseite<\/strong>der in der Regel nur den Titel des Themas angibt, optional aber auch einen einleitenden Text oder ein Bild \"ad hoc\" enthalten kann. (Siehe \"R\" in der Grafik)<\/span><\/p>\n<p><span style=\"font-weight: 400;\">Abgesehen davon, dass es sich um ein einleitendes Titelblatt handelt, soll die Wurzelseite die Funktion eines <strong>Raum, der seine eigenen Sektionen bindet<\/strong>die ihrerseits einen eigenen Titel und Inhalt haben m\u00fcssen. Au\u00dferdem kann jeder Abschnitt in Unterabschnitte verzweigt werden.<\/span><\/p>\n<p><img decoding=\"async\" class=\"aligncenter\" src=\"https:\/\/como-domo.com\/wp-content\/uploads\/2023\/03\/Folder-tree.png\" alt=\"\" \/><\/p>\n<p>Sobald das Thema ver\u00f6ffentlicht ist, wird die Ordnerstruktur auf dem Bildschirm als einfach zu bedienender, nummerierter Index zum schnellen Nachschlagen angezeigt.<\/p>\n\t<\/div>\n<\/div>\n\n\n\n<\/div><\/div><\/div><div class=\"toggle default\" data-inner-wrap=\"true\"><h3 class=\"toggle-title\"><a href=\"#\" class=\"toggle-heading\"><i class=\"fa fa-plus-circle\"><\/i>Wie kann ich ein neues Thema erstellen?<\/a><\/h3><div><div class=\"inner-toggle-wrap\">\n<div class=\"wpb_text_column wpb_content_element\" >\n\t<div class=\"wpb_wrapper\">\n\t\t<p><span style=\"font-weight: 400;\">Bitte besuchen Sie unser Thema: <\/span><a href=\"https:\/\/como-domo.com\/de\/?view=NzM4MQ==\"><span style=\"font-weight: 400;\">https:\/\/como-domo.com\/?view=NzM4MQ==<\/span><\/a><\/p>\n\t<\/div>\n<\/div>\n\n\n\n<\/div><\/div><\/div><\/div>\n\n\n\n\n\n\n\n\n\n\n\n\n\n\n\n\n\n\n\n\n\t\t\t<\/div> \n\t\t<\/div>\n\t<\/div> \n<\/div><\/div>\n\t\t<div id=\"contact\"  data-column-margin=\"default\" data-midnight=\"dark\" data-top-percent=\"5%\" data-bottom-percent=\"5%\"  class=\"wpb_row vc_row-fluid vc_row full-width-section\"  style=\"padding-top: calc(100vw * 0.05); padding-bottom: calc(100vw * 0.05); \"><div class=\"row-bg-wrap\" data-bg-animation=\"none\" data-bg-animation-delay=\"\" data-bg-overlay=\"false\"><div class=\"inner-wrap row-bg-layer\" ><div class=\"row-bg viewport-desktop using-bg-color\"  style=\"background-color: #ffffff; \"><\/div><\/div><\/div><div class=\"row_col_wrap_12 col span_12 dark left\">\n\t<div  class=\"vc_col-sm-12 wpb_column column_container vc_column_container col no-extra-padding inherit_tablet inherit_phone\"  data-padding-pos=\"all\" data-has-bg-color=\"false\" data-bg-color=\"\" data-bg-opacity=\"1\" data-animation=\"\" data-delay=\"0\" >\n\t\t<div class=\"vc_column-inner\" >\n\t\t\t<div class=\"wpb_wrapper\">\n\t\t\t\t\n<div class=\"wpb_text_column wpb_content_element\" >\n\t<div class=\"wpb_wrapper\">\n\t\t<h2>COMO-DOMO Glossar<\/h2>\n\t<\/div>\n<\/div>\n\n\n\n<div class=\"divider-wrap\" data-alignment=\"default\"><div style=\"height: 25px;\" class=\"divider\"><\/div><\/div>\n<div class=\"wpb_text_column wpb_content_element\" >\n\t<div class=\"wpb_wrapper\">\n\t\t<ul>\n<li><b>Thema<\/b><span style=\"font-weight: 400;\">Dieser Begriff bezieht sich auf einen Ordner mit Informationen, die ein bestimmtes Motiv betreffen und die von den Nutzern zusammengestellt und mit Ihrer Zustimmung an andere weitergegeben werden k\u00f6nnen.<\/span><\/li>\n<li><b>Empf\u00e4nger \/ Empf\u00e4ngerinnen<\/b><span style=\"font-weight: 400;\">: Personen, die vom jeweiligen Nutzer autorisiert sind, die freigegebenen Informationen einzusehen. So dass nur sie sie lesen k\u00f6nnen.<\/span><\/li>\n<li><b>Inhalt: <\/b><span style=\"font-weight: 400;\">die Informationen innerhalb eines Themas oder eines Abschnitts, die in Form von Text, Sprache, Bildern, Dokumenten, Video..... bereitgestellt werden<\/span><\/li>\n<\/ul>\n\t<\/div>\n<\/div>\n\n\n\n\n\t\t\t<\/div> \n\t\t<\/div>\n\t<\/div> \n<\/div><\/div>\n\t\t<div id=\"contact\"  data-column-margin=\"default\" data-midnight=\"dark\" data-top-percent=\"5%\" data-bottom-percent=\"5%\"  class=\"wpb_row vc_row-fluid vc_row full-width-section\"  style=\"padding-top: calc(100vw * 0.05); padding-bottom: calc(100vw * 0.05); \"><div class=\"row-bg-wrap\" data-bg-animation=\"none\" data-bg-animation-delay=\"\" data-bg-overlay=\"false\"><div class=\"inner-wrap row-bg-layer\" ><div class=\"row-bg viewport-desktop using-bg-color\"  style=\"background-color: #ffffff; \"><\/div><\/div><\/div><div class=\"row_col_wrap_12 col span_12 dark left\">\n\t<div  class=\"vc_col-sm-12 wpb_column column_container vc_column_container col no-extra-padding inherit_tablet inherit_phone\"  data-padding-pos=\"all\" data-has-bg-color=\"false\" data-bg-color=\"\" data-bg-opacity=\"1\" data-animation=\"\" data-delay=\"0\" >\n\t\t<div class=\"vc_column-inner\" >\n\t\t\t<div class=\"wpb_wrapper\">\n\t\t\t\t\n<div class=\"wpb_text_column wpb_content_element\" >\n\t<div class=\"wpb_wrapper\">\n\t\t<h2>Kontakt<\/h2>\n\t<\/div>\n<\/div>\n\n\n\n<div class=\"divider-wrap\" data-alignment=\"default\"><div style=\"height: 25px;\" class=\"divider\"><\/div><\/div>\n<div class=\"wpb_text_column wpb_content_element\" >\n\t<div class=\"wpb_wrapper\">\n\t\t\n<div class=\"wpcf7 no-js\" id=\"wpcf7-f958-o1\" lang=\"es-ES\" dir=\"ltr\">\n<div class=\"screen-reader-response\"><p role=\"status\" aria-live=\"polite\" aria-atomic=\"true\"><\/p> <ul><\/ul><\/div>\n<form action=\"\/de\/wp-json\/wp\/v2\/pages\/946#wpcf7-f958-o1\" method=\"post\" class=\"wpcf7-form init\" aria-label=\"Formulario de contacto\" novalidate=\"novalidate\" data-status=\"init\" data-trp-original-action=\"\/de\/wp-json\/wp\/v2\/pages\/946#wpcf7-f958-o1\">\n<div style=\"display: none;\">\n<input type=\"hidden\" name=\"_wpcf7\" value=\"958\" \/>\n<input type=\"hidden\" name=\"_wpcf7_version\" value=\"5.9.8\" \/>\n<input type=\"hidden\" name=\"_wpcf7_locale\" value=\"es_ES\" \/>\n<input type=\"hidden\" name=\"_wpcf7_unit_tag\" value=\"wpcf7-f958-o1\" \/>\n<input type=\"hidden\" name=\"_wpcf7_container_post\" value=\"0\" \/>\n<input type=\"hidden\" name=\"_wpcf7_posted_data_hash\" value=\"\" \/>\n<\/div>\n<div class=\"row\">\n\t<div class=\"col span_6\"  style=\"padding-right:30px;\">\n\t\t<p><label> Ihr Name<br \/>\n<span class=\"wpcf7-form-control-wrap\" data-name=\"your-name\"><input size=\"40\" maxlength=\"400\" class=\"wpcf7-form-control wpcf7-text wpcf7-validates-as-required\" aria-required=\"true\" aria-invalid=\"false\" placeholder=\"Name\" value=\"\" type=\"text\" name=\"your-name\" \/><\/span> <\/label>\n\t\t<\/p>\n\t<\/div>\n\t<div class=\"col span_6\" >\n\t\t<p><label> Deine E-Mail<br \/>\n<span class=\"wpcf7-form-control-wrap\" data-name=\"your-email\"><input size=\"40\" maxlength=\"400\" class=\"wpcf7-form-control wpcf7-email wpcf7-validates-as-required wpcf7-text wpcf7-validates-as-email\" aria-required=\"true\" aria-invalid=\"false\" placeholder=\"E-Mail\" value=\"\" type=\"email\" name=\"your-email\" \/><\/span> <\/label>\n\t\t<\/p>\n\t<\/div>\n<\/div>\n<p><label> Thema<br \/>\n<span class=\"wpcf7-form-control-wrap\" data-name=\"your-subject\"><input size=\"40\" maxlength=\"400\" class=\"wpcf7-form-control wpcf7-text wpcf7-validates-as-required\" aria-required=\"true\" aria-invalid=\"false\" placeholder=\"Thema\" value=\"\" type=\"text\" name=\"your-subject\" \/><\/span> <\/label>\n<\/p>\n<p><label> Nachricht (fakultativ)<br \/>\n<span class=\"wpcf7-form-control-wrap\" data-name=\"your-message\"><textarea cols=\"40\" rows=\"4\" maxlength=\"2000\" class=\"wpcf7-form-control wpcf7-textarea\" aria-invalid=\"false\" placeholder=\"Ihre Nachricht\" name=\"your-message\"><\/textarea><\/span> <\/label>\n<\/p>\n<p><span class=\"wpcf7-form-control-wrap\" data-name=\"aceptacion\"><span class=\"wpcf7-form-control wpcf7-acceptance\"><span class=\"wpcf7-list-item\"><label><input type=\"checkbox\" name=\"aceptacion\" value=\"1\" aria-invalid=\"false\" \/><span class=\"wpcf7-list-item-label\">Ich habe gelesen und akzeptiere die <a href=\"https:\/\/como-domo.com\/de\/datenschutzbestimmungen\/\" target=\"_blank\">Comodomo-Datenschutzerkl\u00e4rung<\/a><\/span><\/label><\/span><\/span><\/span><br \/>\n<input class=\"wpcf7-form-control wpcf7-submit has-spinner\" type=\"submit\" value=\"Einreichen\" \/>\n<\/p><input type=\"text\" name=\"ZTl7Q\" value=\"\" style=\"display: none !important;\" \/><div class=\"wpcf7-response-output\" aria-hidden=\"true\"><\/div>\n<input type=\"hidden\" name=\"trp-form-language\" value=\"de\"\/><\/form>\n<\/div>\n\n\t<\/div>\n<\/div>\n\n\n\n\n\t\t\t<\/div> \n\t\t<\/div>\n\t<\/div> \n<\/div><\/div>","protected":false},"excerpt":{"rendered":"\u00dcber uns Men\u00fc\u00dcber unsFAQsKontakt \u00dcber uns Eine fl\u00fcssige, klare und gut strukturierte Kommunikation zwischen Menschen, Unternehmen und Institutionen ist unerl\u00e4sslich, damit alles reibungslos abl\u00e4uft.  Mit der Absicht...","protected":false},"author":1,"featured_media":0,"parent":0,"menu_order":0,"comment_status":"closed","ping_status":"closed","template":"","meta":{"_acf_changed":false,"footnotes":""},"class_list":["post-946","page","type-page","status-publish"],"acf":[],"_links":{"self":[{"href":"https:\/\/como-domo.com\/de\/wp-json\/wp\/v2\/pages\/946","targetHints":{"allow":["GET"]}}],"collection":[{"href":"https:\/\/como-domo.com\/de\/wp-json\/wp\/v2\/pages"}],"about":[{"href":"https:\/\/como-domo.com\/de\/wp-json\/wp\/v2\/types\/page"}],"author":[{"embeddable":true,"href":"https:\/\/como-domo.com\/de\/wp-json\/wp\/v2\/users\/1"}],"replies":[{"embeddable":true,"href":"https:\/\/como-domo.com\/de\/wp-json\/wp\/v2\/comments?post=946"}],"version-history":[{"count":55,"href":"https:\/\/como-domo.com\/de\/wp-json\/wp\/v2\/pages\/946\/revisions"}],"predecessor-version":[{"id":7491,"href":"https:\/\/como-domo.com\/de\/wp-json\/wp\/v2\/pages\/946\/revisions\/7491"}],"wp:attachment":[{"href":"https:\/\/como-domo.com\/de\/wp-json\/wp\/v2\/media?parent=946"}],"curies":[{"name":"wp","href":"https:\/\/api.w.org\/{rel}","templated":true}]}}