{"id":3577,"date":"2022-06-07T19:31:12","date_gmt":"2022-06-07T17:31:12","guid":{"rendered":"https:\/\/como-domo.com\/?page_id=3577"},"modified":"2024-05-08T11:01:21","modified_gmt":"2024-05-08T09:01:21","slug":"legal-terms","status":"publish","type":"page","link":"https:\/\/como-domo.com\/de\/rechts-bedingungen\/","title":{"rendered":"Juristische Begriffe"},"content":{"rendered":"<div id=\"fws_69e1e4a228ff8\"  data-column-margin=\"default\" data-midnight=\"dark\" data-top-percent=\"3%\" data-bottom-percent=\"3%\"  class=\"wpb_row vc_row-fluid vc_row\"  style=\"padding-top: calc(100vw * 0.03); padding-bottom: calc(100vw * 0.03); \"><div class=\"row-bg-wrap\" data-bg-animation=\"none\" data-bg-animation-delay=\"\" data-bg-overlay=\"false\"><div class=\"inner-wrap row-bg-layer\" ><div class=\"row-bg viewport-desktop\"  style=\"\"><\/div><\/div><\/div><div class=\"row_col_wrap_12 col span_12 dark left\">\n\t<div  class=\"vc_col-sm-12 wpb_column column_container vc_column_container col no-extra-padding inherit_tablet inherit_phone\"  data-padding-pos=\"all\" data-has-bg-color=\"false\" data-bg-color=\"\" data-bg-opacity=\"1\" data-animation=\"\" data-delay=\"0\" >\n\t\t<div class=\"vc_column-inner\" >\n\t\t\t<div class=\"wpb_wrapper\">\n\t\t\t\t\n<div class=\"wpb_text_column wpb_content_element\" >\n\t<div class=\"wpb_wrapper\">\n\t\t<h1>Juristische Begriffe<\/h1>\n\t<\/div>\n<\/div>\n\n\n\n\n\t\t\t<\/div> \n\t\t<\/div>\n\t<\/div> \n<\/div><\/div>\n\t\t<div id=\"fws_69e1e4a229743\"  data-column-margin=\"default\" data-midnight=\"dark\"  class=\"wpb_row vc_row-fluid vc_row\"  style=\"padding-top: 0px; padding-bottom: 0px; \"><div class=\"row-bg-wrap\" data-bg-animation=\"none\" data-bg-animation-delay=\"\" data-bg-overlay=\"false\"><div class=\"inner-wrap row-bg-layer\" ><div class=\"row-bg viewport-desktop\"  style=\"\"><\/div><\/div><\/div><div class=\"row_col_wrap_12 col span_12 dark left\">\n\t<div  class=\"vc_col-sm-12 wpb_column column_container vc_column_container col no-extra-padding inherit_tablet inherit_phone\"  data-padding-pos=\"all\" data-has-bg-color=\"false\" data-bg-color=\"\" data-bg-opacity=\"1\" data-animation=\"\" data-delay=\"0\" >\n\t\t<div class=\"vc_column-inner\" >\n\t\t\t<div class=\"wpb_wrapper\">\n\t\t\t\t\n<div class=\"wpb_text_column wpb_content_element\" >\n\t<div class=\"wpb_wrapper\">\n\t\t<div>In \u00dcbereinstimmung mit dem Gesetz 34\/2002 vom 11. Juli \u00fcber Dienstleistungen der Informationsgesellschaft und des elektronischen Handels (Ley de Servicios de la Sociedad de la Informaci\u00f3n y de Comercio Electr\u00f3nico -LSSI) informieren wir:<\/div>\n<div><\/div>\n<h3>Zweck.<\/h3>\n<div>Der Dienstanbieter der Website ist TODOCOMODOMO, S.L., mit Sitz in der Calle Ferraz, 48 28008 Madrid (Provinz Madrid) und der Steueridentifikationsnummer\u00a0<b>B56837479\u00a0<\/b>Das Unternehmen ist im Handelsregister eingetragen. TODOCOMODOMO, S.L. ist ein im Handelsregister von Madrid SPANIEN eingetragenes Unternehmen, Band 46305, Folio 120, 1.<\/div>\n<div><\/div>\n<div>F\u00fcr die Zwecke dieses Dokuments lautet die Kontakt-E-Mail-Adresse admin@como-domo.com.<\/div>\n<div><\/div>\n<div><strong>Dieser rechtliche Hinweis regelt die Nutzung der Domain.<\/strong><\/div>\n<div>Die Nutzung dieser Website bedeutet, dass Sie mit den in dieser Mitteilung enthaltenen Bedingungen einverstanden sind. Im Falle von bestimmten Dienstleistungen, Inhalten und \/ oder Tools \u00fcber diese Website angeboten, die die Anwendung von besonderen Bedingungen erfordern, werden diese zur Verf\u00fcgung zu stellen Benutzer.<\/div>\n<div><\/div>\n<div>Au\u00dferdem weist TODOCOMODOMO, S.L. darauf hin, dass sowohl der Inhalt und die Dienstleistungen dieser Website als auch die eigenen Nutzungsbedingungen ohne vorherige Ank\u00fcndigung ge\u00e4ndert werden k\u00f6nnen.<\/div>\n<div><\/div>\n<h3>Bedingungen f\u00fcr die Nutzung.<\/h3>\n<div>\n<p>Der Nutzer verpflichtet sich, wahrheitsgem\u00e4\u00dfe, genaue und vollst\u00e4ndige Angaben zu seiner Identit\u00e4t zu machen.<\/p>\n<p>Dar\u00fcber hinaus verpflichtet sich der Nutzer, die pers\u00f6nlichen Daten, die dem Domaininhaber zur Verf\u00fcgung gestellt werden k\u00f6nnen, auf dem neuesten Stand zu halten; daher ist das Datensubjekt allein f\u00fcr die Unwahrheiten oder Ungenauigkeiten dieser Daten verantwortlich.<\/p>\n<p>Im Falle von Minderj\u00e4hrigen, m\u00fcssen sie die Erlaubnis der Eltern, die f\u00fcr das Sorgerecht f\u00fcr einen Minderj\u00e4hrigen oder gesetzlichen Vertreter, um Zugang zu den angebotenen Dienstleistungen haben. TODOCOMODOMO, S.L. ist nicht verantwortlich im Falle von ungenauen oder falschen Daten im Zusammenhang mit diesem Thema.<\/p>\n<\/div>\n<p>Die Website darf nur f\u00fcr rechtm\u00e4\u00dfige Zwecke genutzt werden; daher erkl\u00e4rt sich der Nutzer damit einverstanden, eine rechtm\u00e4\u00dfige und faire Nutzung im Rahmen dieser Nutzungsbedingungen vorzunehmen und die Dienste der Website nicht f\u00fcr Handlungen zu nutzen, die gegen die spanische Gesetzgebung, Moral und \u00f6ffentliche Ordnung versto\u00dfen. Der Benutzer \u00fcbernimmt alle Verantwortlichkeiten f\u00fcr Sch\u00e4den gegen\u00fcber dem Inhaber dieser Website oder Dritten, die aus illegalen Praktiken oder unzul\u00e4ssigen Aktivit\u00e4ten wie den folgenden entstehen k\u00f6nnen:<\/p>\n<ul>\n<li>Um ohne vorherige Genehmigung eine Manipulation oder Ver\u00e4nderung dieser Seite vorzunehmen, \u00fcbernimmt der Inhaber der Website keine Haftung, die aus einer solchen Manipulation oder Ver\u00e4nderung durch Dritte entsteht.<\/li>\n<li>Handlungen vorzunehmen, die die Website und ihre Dienste besch\u00e4digen, deaktivieren, \u00fcberlasten oder beeintr\u00e4chtigen k\u00f6nnten, sowie die normale Nutzung und Verwendung durch die Benutzer zu behindern.<\/li>\n<li>Computersoftware, Daten, besch\u00e4digte Dateien, Viren, b\u00f6sartige Codes, Computer- oder Telekommunikationsger\u00e4te oder andere, unabh\u00e4ngig von ihrer Art, die diese Website besch\u00e4digen k\u00f6nnen, einzuf\u00fchren und\/oder zu verwenden.<\/li>\n<li>die Rechte auf Privatsph\u00e4re, Selbstdarstellung, Vertraulichkeit der Kommunikation, geistiges Eigentum und gewerbliches Eigentum Dritter zu verletzen.<\/li>\n<li>Um die Herkunft von E-Mails zu verbergen und zu verschleiern.<\/li>\n<li>Die Verwendung falscher Identit\u00e4ten, um die Identit\u00e4t anderer bei der Nutzung dieser Website oder der Inanspruchnahme ihrer Dienste zu verdr\u00e4ngen.<\/li>\n<li>Den Inhalt dieser Seite abzuspielen, zu verbreiten, zu ver\u00e4ndern oder zu kopieren, es sei denn, Sie haben die Erlaubnis des Inhabers dieser Website oder sind gesetzlich dazu berechtigt.<\/li>\n<li>\u00dcbermittlung von Benutzernamen und Passw\u00f6rtern an unbefugte Dritte.<\/li>\n<\/ul>\n<div>\n<p>TODOCOMODOMO, S.L. haftet nicht f\u00fcr Links zu anderen Websites und ihre Existenz bedeutet nicht, dass TODOCOMODOMO, S.L. deren Inhalte und Dienstleistungen billigt oder akzeptiert. Diese anderen Websites werden nicht von TODOCOMODOMO, S.L. kontrolliert und unterliegen auch nicht der vorliegenden Datenschutzpolitik. Wenn Sie \u00fcber die angegebenen Links auf andere Websites zugreifen, k\u00f6nnen die Betreiber dieser Websites Ihre pers\u00f6nlichen Daten erfassen. Vergewissern Sie sich, dass Sie mit den Datenschutzrichtlinien dieser Websites einverstanden sind, bevor Sie pers\u00f6nliche Daten angeben.<\/p>\n<p>Im Allgemeinen schlie\u00dft Domain-Inhaber seine Haftung f\u00fcr Sch\u00e4den, die aus der Nutzung der Website oder aus der Verletzung der Rechte des geistigen und gewerblichen Eigentums durch die Nutzer und \/ oder mangelnde Wahrhaftigkeit, Genauigkeit und Aktualit\u00e4t der Inhalte f\u00fchren kann. Weder kann erforderlich sein, Verantwortlichkeiten f\u00fcr die Domains Inhaber aufgrund von Unterbrechungen der Dienstleistungen, unerw\u00fcnschte Operationen oder Unf\u00e4higkeit, den Dienst zugreifen.<\/p>\n<p>Der Domaininhaber haftet nicht f\u00fcr Sch\u00e4den, die durch das Vorhandensein von Viren oder anderer sch\u00e4dlicher Software verursacht werden, die Ver\u00e4nderungen im Computersystem des Nutzers hervorrufen k\u00f6nnten.<\/p>\n<p>Die Website, ihre Programme, Designs, Logos, Texte und \/ oder Grafiken sind Eigentum des Anbieters der Website oder verf\u00fcgt \u00fcber eine entsprechende Lizenz oder ausdr\u00fcckliche Genehmigung der Autoren.<\/p>\n<p>Jede vollst\u00e4ndige oder teilweise Vervielf\u00e4ltigung, Nutzung, Verwertung, Verbreitung und Vermarktung bedarf immer der vorherigen Genehmigung des Domaininhabers.<\/p>\n<p>Der Nutzer verpflichtet sich, keine Handlungen vorzunehmen, die den Rechten des geistigen und gewerblichen Eigentums des Urhebers zuwiderlaufen.<\/p>\n<p>Der Dienstanbieter erlaubt Dritten, direkt auf die spezifischen Inhalte dieser Website umzuleiten, sollte aber auf die Haupt-Website des Anbieters umgeleitet werden.<\/p>\n<h3>Verwendung von Cookies<\/h3>\n<p>Sie k\u00f6nnen unser<a href=\"https:\/\/como-domo.com\/de\/cookie-richtlinie\/\"> Cookies-Richtlinie hier<\/a>.<\/p>\n<\/div>\n<h3>Datenschutzpolitik.<\/h3>\n<div>\n<p>Sie k\u00f6nnen unsere Datenschutzpolitik im folgenden Abschnitt nachlesen:<\/p>\n<p><a href=\"https:\/\/como-domo.com\/de\/datenschutzbestimmungen\/\">Datenschutzpolitik<\/a><\/p>\n<\/div>\n<h3>Anwendbares Recht<\/h3>\n<div>Diese Bedingungen unterliegen zu jeder Zeit den Bestimmungen der spanischen Gesetzgebung.<\/div>\n\t<\/div>\n<\/div>\n\n\n\n\n\t\t\t<\/div> \n\t\t<\/div>\n\t<\/div> \n<\/div><\/div>","protected":false},"excerpt":{"rendered":"Rechtliche Hinweise Gem\u00e4\u00df dem Gesetz 34\/2002 vom 11. Juli \u00fcber Dienstleistungen der Informationsgesellschaft und des elektronischen Handels (Ley de Servicios de la Sociedad de la Informaci\u00f3n y de Comercio Electr\u00f3nico -LSSI), ...","protected":false},"author":1,"featured_media":0,"parent":0,"menu_order":0,"comment_status":"closed","ping_status":"closed","template":"","meta":{"_acf_changed":false,"footnotes":""},"class_list":["post-3577","page","type-page","status-publish"],"acf":[],"_links":{"self":[{"href":"https:\/\/como-domo.com\/de\/wp-json\/wp\/v2\/pages\/3577","targetHints":{"allow":["GET"]}}],"collection":[{"href":"https:\/\/como-domo.com\/de\/wp-json\/wp\/v2\/pages"}],"about":[{"href":"https:\/\/como-domo.com\/de\/wp-json\/wp\/v2\/types\/page"}],"author":[{"embeddable":true,"href":"https:\/\/como-domo.com\/de\/wp-json\/wp\/v2\/users\/1"}],"replies":[{"embeddable":true,"href":"https:\/\/como-domo.com\/de\/wp-json\/wp\/v2\/comments?post=3577"}],"version-history":[{"count":11,"href":"https:\/\/como-domo.com\/de\/wp-json\/wp\/v2\/pages\/3577\/revisions"}],"predecessor-version":[{"id":8630,"href":"https:\/\/como-domo.com\/de\/wp-json\/wp\/v2\/pages\/3577\/revisions\/8630"}],"wp:attachment":[{"href":"https:\/\/como-domo.com\/de\/wp-json\/wp\/v2\/media?parent=3577"}],"curies":[{"name":"wp","href":"https:\/\/api.w.org\/{rel}","templated":true}]}}